{"id":854,"date":"2020-01-07T06:24:46","date_gmt":"2020-01-07T06:24:46","guid":{"rendered":"https:\/\/brandweercuracao.cw\/home\/"},"modified":"2020-08-18T13:29:33","modified_gmt":"2020-08-18T13:29:33","slug":"home","status":"publish","type":"page","link":"https:\/\/brandweercuracao.cw\/nl\/","title":{"rendered":"Homepagina"},"content":{"rendered":"<p>[vc_section full_width=&#8221;stretch_row&#8221; content_placement=&#8221;middle&#8221; css=&#8221;.vc_custom_1591295230658{padding-top: 0px !important;background-position: center !important;background-repeat: no-repeat !important;background-size: cover !important;}&#8221; el_id=&#8221;mobile-banner&#8221;][vc_row full_height=&#8221;yes&#8221;][vc_column]\n\t\t\t<!-- START Slider 2 REVOLUTION SLIDER 6.5.31 --><p class=\"rs-p-wp-fix\"><\/p>\n\t\t\t<rs-module-wrap id=\"rev_slider_11_1_wrapper\" data-source=\"gallery\" style=\"visibility:hidden;background:transparent;padding:0;margin:0px auto;margin-top:0;margin-bottom:0;\">\n\t\t\t\t<rs-module id=\"rev_slider_11_1\" style=\"\" data-version=\"6.5.31\">\n\t\t\t\t\t<rs-slides>\n\t\t\t\t\t\t<rs-slide style=\"position: absolute;\" data-key=\"rs-68\" data-title=\"Slide\" data-anim=\"ms:1000;r:0;\" data-in=\"o:0;\" data-out=\"a:false;\">\n\t\t\t\t\t\t\t<img decoding=\"async\" src=\"\/\/brandweercuracao.cw\/wp-content\/plugins\/revslider\/public\/assets\/assets\/dummy.png\" alt=\"\" title=\"mobile-header\" width=\"1920\" height=\"1282\" class=\"rev-slidebg tp-rs-img rs-lazyload\" data-lazyload=\"\/\/brandweercuracao.cw\/wp-content\/uploads\/2020\/06\/mobile-header.jpg\" data-no-retina>\n<!--\n\t\t\t\t\t\t\t--><a\n\t\t\t\t\t\t\t\tid=\"slider-11-slide-68-layer-0\" \n\t\t\t\t\t\t\t\tclass=\"rs-layer\"\n\t\t\t\t\t\t\t\thref=\"\/\" target=\"_self\" rel=\"nofollow\"\n\t\t\t\t\t\t\t\tdata-type=\"image\"\n\t\t\t\t\t\t\t\tdata-rsp_ch=\"on\"\n\t\t\t\t\t\t\t\tdata-xy=\"x:l,l,l,c;xo:50px,50px,50px,0;yo:50px,50px,50px,60px;\"\n\t\t\t\t\t\t\t\tdata-text=\"w:normal;s:20,20,20,7;l:0,0,0,9;\"\n\t\t\t\t\t\t\t\tdata-dim=\"w:300px,300px,300px,115px;h:180px,180px,180px,138px;\"\n\t\t\t\t\t\t\t\tdata-frame_999=\"o:0;st:w;\"\n\t\t\t\t\t\t\t\tstyle=\"z-index:9;\"\n\t\t\t\t\t\t\t><img decoding=\"async\" src=\"\/\/brandweercuracao.cw\/wp-content\/plugins\/revslider\/public\/assets\/assets\/dummy.png\" alt=\"\" class=\"tp-rs-img rs-lazyload\" width=\"100\" height=\"120\" data-lazyload=\"\/\/brandweercuracao.cw\/wp-content\/uploads\/2020\/01\/logo120.png\" data-no-retina> \n\t\t\t\t\t\t\t<\/a><!--\n\n\t\t\t\t\t\t\t--><rs-layer\n\t\t\t\t\t\t\t\tid=\"slider-11-slide-68-layer-2\" \n\t\t\t\t\t\t\t\tdata-type=\"text\"\n\t\t\t\t\t\t\t\tdata-rsp_ch=\"on\"\n\t\t\t\t\t\t\t\tdata-xy=\"x:l,l,l,c;xo:50px,50px,50px,0;yo:50px,50px,50px,250px;\"\n\t\t\t\t\t\t\t\tdata-text=\"w:normal;s:20,20,20,40;l:25,25,25,50;fw:400,400,400,800;a:left,left,left,center;\"\n\t\t\t\t\t\t\t\tdata-frame_999=\"o:0;st:w;\"\n\t\t\t\t\t\t\t\tstyle=\"z-index:11;font-family:'Open Sans';\"\n\t\t\t\t\t\t\t><div class=\"mobile_slider_heading\">Preventie, <br>Preparatie en <br>Dienen i sirbi<\/div> \n\t\t\t\t\t\t\t<\/rs-layer><!--\n\n\t\t\t\t\t\t\t--><rs-layer\n\t\t\t\t\t\t\t\tid=\"slider-11-slide-68-layer-3\" \n\t\t\t\t\t\t\t\tdata-type=\"text\"\n\t\t\t\t\t\t\t\tdata-rsp_ch=\"on\"\n\t\t\t\t\t\t\t\tdata-xy=\"x:l,l,l,c;xo:50px,50px,50px,0;yo:244px,244px,244px,440px;\"\n\t\t\t\t\t\t\t\tdata-text=\"w:normal;s:20,20,20,16;l:25,25,25,24;a:left,left,left,center;\"\n\t\t\t\t\t\t\t\tdata-dim=\"w:auto,auto,auto,380px;\"\n\t\t\t\t\t\t\t\tdata-frame_999=\"o:0;st:w;\"\n\t\t\t\t\t\t\t\tstyle=\"z-index:12;font-family:'Open Sans';\"\n\t\t\t\t\t\t\t><div class=\"mobile_header_para\">Brandweer Cura\u00e7ao redt mensen en dieren, voorkomt branden, minimaliseert de kans dat brand zich verspreidt, beperkt brandgevaar en voorkomt en minimaliseert ongelukken op plekken waar brand is uitgebroken. Om deze werkzaamheden, welke zijn verankerd in de wetgeving, uit te kunnen voeren, geven we op professionele wijze advies dat gericht is op preventie. We bieden in tijd van nood en crisis, met toewijding en volharding, assistentie aan de gemeenschap van Cura\u00e7ao in geval van brand\/incidenten. Onze gemeenschap kan altijd rekenen op onze dienstverlening.<\/div> \n\t\t\t\t\t\t\t<\/rs-layer><!--\n\n\t\t\t\t\t\t\t--><rs-layer\n\t\t\t\t\t\t\t\tid=\"slider-11-slide-68-layer-4\" \n\t\t\t\t\t\t\t\tdata-type=\"shape\"\n\t\t\t\t\t\t\t\tdata-rsp_ch=\"on\"\n\t\t\t\t\t\t\t\tdata-xy=\"xo:50px,50px,50px,0;y:t,t,t,b;yo:443px,443px,443px,0;\"\n\t\t\t\t\t\t\t\tdata-text=\"w:normal;s:20,20,20,7;l:0,0,0,9;\"\n\t\t\t\t\t\t\t\tdata-dim=\"w:300px,300px,300px,100%;h:180px,180px,180px,100%;\"\n\t\t\t\t\t\t\t\tdata-frame_999=\"o:0;st:w;\"\n\t\t\t\t\t\t\t\tstyle=\"z-index:8;background-color:rgba(249,0,8,0.7);\"\n\t\t\t\t\t\t\t> \n\t\t\t\t\t\t\t<\/rs-layer><!--\n-->\t\t\t\t\t\t<\/rs-slide>\n\t\t\t\t\t<\/rs-slides>\n\t\t\t\t<\/rs-module>\n\t\t\t\t<script>\n\t\t\t\t\tsetREVStartSize({c: 'rev_slider_11_1',rl:[1240,1240,1240,480],el:[900,900,900,900],gw:[1240,1240,1240,480],gh:[900,900,900,900],type:'standard',justify:'',layout:'fullwidth',mh:\"0\"});if (window.RS_MODULES!==undefined && window.RS_MODULES.modules!==undefined && window.RS_MODULES.modules[\"revslider111\"]!==undefined) {window.RS_MODULES.modules[\"revslider111\"].once = false;window.revapi11 = undefined;if (window.RS_MODULES.checkMinimal!==undefined) window.RS_MODULES.checkMinimal()}\n\t\t\t\t<\/script>\n\t\t\t<\/rs-module-wrap>\n\t\t\t<!-- END REVOLUTION SLIDER -->\n[\/vc_column][\/vc_row][\/vc_section][vc_row full_width=&#8221;stretch_row&#8221; full_height=&#8221;yes&#8221; css=&#8221;.vc_custom_1591619189059{background-image: url(https:\/\/brandweercuracao.cw\/wp-content\/uploads\/2020\/05\/Hero-2-min.jpg?id=1735) !important;background-position: center !important;background-repeat: no-repeat !important;background-size: cover !important;}&#8221; el_id=&#8221;desktop-banner&#8221; el_class=&#8221;desk_ban&#8221;][vc_column width=&#8221;1\/2&#8243;][vc_single_image image=&#8221;149&#8243; img_size=&#8221;full&#8221; css=&#8221;.vc_custom_1581050904267{margin-bottom: 0px !important;}&#8221;][vc_custom_heading text=&#8221;Preventie, Preparatie<br \/>\nen Dienen&#8221; font_container=&#8221;tag:h1|font_size:30px|text_align:left|color:%23ffffff|line_height:36px&#8221; use_theme_fonts=&#8221;yes&#8221;][vc_custom_heading text=&#8221;Brandweer Cura\u00e7ao redt mensen en dieren, voorkomt branden, minimaliseert de kans dat brand zich verspreidt, beperkt brandgevaar en voorkomt en minimaliseert ongelukken op plekken waar brand is uitgebroken. Om deze werkzaamheden, welke zijn verankerd in de wetgeving, uit te kunnen voeren, geven we op professionele wijze advies dat gericht is op preventie. We bieden in tijd van nood en crisis, met toewijding en volharding, assistentie aan de gemeenschap van Cura\u00e7ao in geval van brand\/incidenten. Onze gemeenschap kan altijd rekenen op onze dienstverlening.&#8221; font_container=&#8221;tag:p|font_size:16px|text_align:left|color:%23ffffff|line_height:22px&#8221; use_theme_fonts=&#8221;yes&#8221; el_class=&#8221;cst-width&#8221;][\/vc_column][vc_column width=&#8221;1\/2&#8243;][\/vc_column][\/vc_row][vc_row el_id=&#8221;middlelinesection&#8221; css=&#8221;.vc_custom_1581665537727{margin-bottom: 0px !important;}&#8221;][vc_column width=&#8221;1\/3&#8243; css=&#8221;.vc_custom_1581665532933{margin-bottom: 0px !important;padding-top: 20px !important;background-color: #1b5daf !important;}&#8221; el_class=&#8221;box&#8221;]<div class=\"icon_box icon_position_left no_border\"><div class=\"image_wrapper\"><img loading=\"lazy\" decoding=\"async\" src=\"https:\/\/brandweercuracao.cw\/wp-content\/uploads\/2020\/02\/fire-extinguisher.png\" class=\"scale-with-grid\" alt=\"fire-extinguisher\" width=\"60\" height=\"60\"\/><\/div><div class=\"desc_wrapper\"><h4 class=\"title\">Voor noodgevallen kunt u bellen naar <b>911<\/b><\/h4><\/div><\/div>\n[\/vc_column][vc_column width=&#8221;1\/3&#8243; css=&#8221;.vc_custom_1581665545575{margin-top: 0px !important;margin-bottom: 0px !important;padding-top: 0px !important;padding-bottom: 0px !important;}&#8221;][\/vc_column][vc_column width=&#8221;1\/3&#8243; css=&#8221;.vc_custom_1581665553514{margin-top: 0px !important;margin-bottom: 0px !important;padding-top: 0px !important;padding-bottom: 0px !important;}&#8221;][\/vc_column][\/vc_row][vc_row el_class=&#8221;section_header_row&#8221;][vc_column][vc_custom_heading text=&#8221;Preventie, de beste optie&#8221; use_theme_fonts=&#8221;yes&#8221;][vc_custom_heading text=&#8221;We integreren preventie in onze diensten en werken proactief om brandveiligheid te garanderen. Laatst hebben we een campagne gelanceerd om de Cura\u00e7aose gemeenschap bewust te maken over brandveiligheid in huis. In de toekomst zullen we een project lanceren om ook op scholen bewustzijn te cre\u00ebren over dit belangrijke onderwerp.&#8221; font_container=&#8221;tag:p|font_size:16px|text_align:left|line_height:24px&#8221; use_theme_fonts=&#8221;yes&#8221;][\/vc_column][\/vc_row][vc_section full_width=&#8221;stretch_row_content&#8221; el_class=&#8221;box_hover_section&#8221;][vc_row equal_height=&#8221;yes&#8221;][vc_column width=&#8221;1\/4&#8243; css=&#8221;.vc_custom_1597757314214{background-image: url(https:\/\/brandweercuracao.cw\/wp-content\/uploads\/2020\/03\/Repressie-Home-thumb.jpg?id=1295) !important;background-position: center !important;background-repeat: no-repeat !important;background-size: cover !important;}&#8221; el_class=&#8221;back_image-box img_box first&#8221;][vc_column_text]<\/p>\n<div class=\"hoverlay_color\"><\/div>\n<div class=\"hover_content\">\n<h3>Repressie<\/h3>\n<div class=\"hidden_content\">\n<p class=\"big\">De afdeling Repressie is de afdeling die er op uit gaat om assistentie te bieden op locaties waar brand is uitgebroken.<\/p>\n<p><a class=\"white-link\" href=\"https:\/\/brandweercuracao.cw\/nl\/repressie\/\">MEER INFORMATIE<\/a><\/p>\n<\/div>\n<\/div>\n<p>[\/vc_column_text][\/vc_column][vc_column width=&#8221;1\/4&#8243; css=&#8221;.vc_custom_1597757331277{background-image: url(https:\/\/brandweercuracao.cw\/wp-content\/uploads\/2020\/04\/Website-002-min.jpg?id=1437) !important;background-position: center !important;background-repeat: no-repeat !important;background-size: cover !important;}&#8221; el_class=&#8221;main-boxhover topposition sec sec-img img_box&#8221;][vc_column_text]<\/p>\n<div class=\"hoverlay_color\"><\/div>\n<div class=\"hover_content\">\n<h3>Preventie<\/h3>\n<div class=\"hidden_content\">\n<p class=\"big\">De afdeling Preventie geeft advies aan diverse instanties met betrekking tot brandpreventie en brandveiligheid.<\/p>\n<p><a class=\"white-link\" href=\"https:\/\/brandweercuracao.cw\/nl\/prevenshon\/\">MEER INFORMATIE<\/a><\/p>\n<\/div>\n<\/div>\n<p>[\/vc_column_text][\/vc_column][vc_column width=&#8221;1\/4&#8243; css=&#8221;.vc_custom_1597757345545{background-image: url(https:\/\/brandweercuracao.cw\/wp-content\/uploads\/2020\/02\/pro-home.jpg?id=406) !important;background-position: center !important;background-repeat: no-repeat !important;background-size: cover !important;}&#8221; el_class=&#8221;img_box t-img&#8221;][vc_column_text]<\/p>\n<div class=\"hoverlay_color\"><\/div>\n<div class=\"hover_content\">\n<h3>Preparatie en Opleiding<\/h3>\n<div class=\"hidden_content\">\n<p class=\"big\">De afdeling Preparatie en Opleiding heeft als voornaamste taak om trainingen voor het personeel van Brandweer Cura\u00e7ao voor te bereiden.<\/p>\n<p><a class=\"white-link \" href=\"https:\/\/brandweercuracao.cw\/nl\/preparatie-en-opleiding\/\">MEER INFORMATIE<\/a><\/p>\n<\/div>\n<\/div>\n<p>[\/vc_column_text][\/vc_column][vc_column width=&#8221;1\/4&#8243; css=&#8221;.vc_custom_1597757366271{background-image: url(https:\/\/brandweercuracao.cw\/wp-content\/uploads\/2020\/04\/JP7_3029-min.jpg?id=1429) !important;background-position: center !important;background-repeat: no-repeat !important;background-size: cover !important;}&#8221; el_class=&#8221;hover_box img_box f-img&#8221;][vc_column_text]<\/p>\n<div class=\"hoverlay_color\"><\/div>\n<div class=\"hover_content\">\n<h3>Personeelszaken en Algemene zaken<\/h3>\n<div class=\"hidden_content\">\n<p class=\"big\">Onze afdeling Personeelszaken en Algemene zaken co\u00f6rdineert de interne operationele zaken van Brandweer Cura\u00e7ao.<\/p>\n<p><a class=\"white-link \" href=\"https:\/\/brandweercuracao.cw\/nl\/personeelszaken-en-algemene-zaken\/\">MEER INFORMATIE<\/a><\/p>\n<\/div>\n<\/div>\n<p>[\/vc_column_text][\/vc_column][\/vc_row][\/vc_section][vc_section full_width=&#8221;stretch_row&#8221; css=&#8221;.vc_custom_1579266693574{background: #d32127 url(https:\/\/brandweercuracao.cw\/wp-content\/uploads\/2020\/01\/Group-2.png?id=41) !important;background-position: center !important;background-repeat: no-repeat !important;background-size: cover !important;}&#8221; el_class=&#8221;docs_section&#8221;][vc_row][vc_column width=&#8221;1\/2&#8243;][vc_empty_space height=&#8221;45px&#8221; el_class=&#8221;hide_empty&#8221; css=&#8221;.vc_custom_1581506936599{margin-bottom: 0px !important;}&#8221;][vc_custom_heading text=&#8221;Documenten&#8221; font_container=&#8221;tag:h2|text_align:left|color:%23ffffff&#8221; use_theme_fonts=&#8221;yes&#8221;][vc_custom_heading text=&#8221;Wij beschikken over verschillende documenten waarmee u advies en instructies krijgt over brandveiligheid in huis, in zorgtehuizen, op de kinderopvang, op school en tijdens feestdagen.&#8221; font_container=&#8221;tag:p|font_size:16px|text_align:left|color:%23ffffff|line_height:23px&#8221; use_theme_fonts=&#8221;yes&#8221;][vc_btn title=&#8221;Documenten&#8221; shape=&#8221;square&#8221; color=&#8221;white&#8221; link=&#8221;url:https%3A%2F%2Fbrandweer.mystagingwebsite.com%2Fdokumentonan%2F|title:Documents||&#8221; el_class=&#8221;doc-btn&#8221;][vc_empty_space height=&#8221;60px&#8221; el_class=&#8221;hide_empty&#8221; css=&#8221;.vc_custom_1581506943464{margin-bottom: 0px !important;}&#8221;][\/vc_column][vc_column width=&#8221;1\/2&#8243;][\/vc_column][\/vc_row][\/vc_section][vc_section full_width=&#8221;stretch_row&#8221; el_class=&#8221;faq_section&#8221;][vc_row][vc_column][vc_empty_space height=&#8221;40px&#8221; el_class=&#8221;hide_empty&#8221;][\/vc_column][\/vc_row][vc_row css=&#8221;.vc_custom_1579235994276{margin-top: 70px !important;margin-bottom: 70px !important;}&#8221; el_class=&#8221;heading_para&#8221;][vc_column width=&#8221;1\/3&#8243;][vc_custom_heading text=&#8221;Veelgestelde vragen&#8221; use_theme_fonts=&#8221;yes&#8221;][vc_custom_heading text=&#8221;Hiernaast vindt u de lijst met veelgestelde vragen over onze diensten.&#8221; font_container=&#8221;tag:p|font_size:16px|text_align:left|line_height:24px&#8221; use_theme_fonts=&#8221;yes&#8221;][\/vc_column][vc_column width=&#8221;2\/3&#8243;][vc_tta_accordion style=&#8221;modern&#8221; shape=&#8221;square&#8221; color=&#8221;white&#8221; gap=&#8221;15&#8243; c_position=&#8221;right&#8221; active_section=&#8221;&#8221;][vc_tta_section title=&#8221;1. Wanneer was uw organisatie opgericht?&#8221; tab_id=&#8221;1&#8243;][vc_column_text]<\/p>\n<div>Na de rellen van 30 mei 1969 realiseerde de Cura\u00e7aose overheid dat het voor het Korps Politie niet meer mogelijk is om naast hun primaire taak van handhaving van de openbare orde en veiligheid \u00f3\u00f3k de brandweertaken te blijven verrichtten. In 1973 werden de eerste drie personen uitgezonden om in Nederland de opleiding tot brandweerofficier te volgen. Nadat de eerste drie officieren terug zijn gekomen, werden de eerste aspirant brandwachten op 14 juli 1975 in dienst genomen. Dus voor de oprichtingsdatum van de stadsbrandweer onder de naam Brandweer Cura\u00e7ao werd 14 juli 1975 gehanteerd. Voorheen bestond er alleen een kleine luchthavenbrandweer specifiek bedoeld voor de brandbestrijding op de luchthaven.<\/div>\n<div><\/div>\n<p>[\/vc_column_text][\/vc_tta_section][vc_tta_section title=&#8221;2. Hoeveel Brandweer kazernes (posten) zijn er?&#8221; tab_id=&#8221;2&#8243;][vc_column_text]<\/p>\n<div>Er zijn 4 Brandweer kazernes: Mundu Nobo, Rio Canario, Steenrijk en Barber.<\/div>\n<p>[\/vc_column_text][\/vc_tta_section][vc_tta_section title=&#8221;3. Hoe ziet uw organisatie structuur eruit?&#8221; tab_id=&#8221;1578394508914-045ddfe3-de88&#8243;][vc_column_text]Aan het hoofd van de organisatie staat een Commandant waaronder de afdeling van Personeelszaken &amp; Algemene zaken en de Manager Kwaliteit &amp; Bijzondere Projecten rechtsreeks vallen. Ook werkt hij nauw samen met de afdeling PRO, Preventie en Repressie, Onderhoud &amp; Logistiek. De afdeling Repressie, Onderhoud &amp; Logistiek heeft als subdivisie de Technische Dienst en Uitrukdienst, waarvan de laatste kazernes heeft te Mundu Nobo, Rio Canario, Steenrijk i Barber.[\/vc_column_text][\/vc_tta_section][vc_tta_section title=&#8221;4. Wat is de taak van uw organisatie??&#8221; tab_id=&#8221;1578383347022-49c5e693-30ee&#8221;][vc_column_text]<span style=\"font-weight: 400;\">Het vaststellen van brandveiligheidseisen voor het voorkomen, beperken en bestrijden van brand, het beperken van brandgevaar en het voorkomen van ongevallen bij brand.<\/span>[\/vc_column_text][\/vc_tta_section][vc_tta_section title=&#8221;5. Welke documenten heb ik nodig om een brandverklaring aan te vragen?&#8221; tab_id=&#8221;1578394550126-749a597f-b769&#8243;][vc_column_text]<span style=\"font-weight: 400;\">&#8211; Een geldige ID van aanvrager<\/span><\/p>\n<p><span style=\"font-weight: 400;\">&#8211; Een bewijsdocument van uw zakkelijke of persoonlijke recht m.b.t. het object (huis\/bedrijf\/auto) enz.<\/span><\/p>\n<p><span style=\"font-weight: 400;\">&#8211; Indien men wordt gemachtigd; Een geldige ID van gemachtigde en\u00a0 ondertekend machtigingsverklaring.<\/span>[\/vc_column_text][\/vc_tta_section][vc_tta_section title=&#8221;6. Wat is de betekenis van het Brandweer Logo?&#8221; tab_id=&#8221;1578394561188-a662bbc1-5865&#8243;][vc_column_text]<span style=\"font-weight: 400;\">Het schild biedt bescherming aan Land Cura\u00e7ao bij dreigingen. De brandweerhelm in het rood symboliseert dat Brandweer Cura\u00e7ao aanwezig is om Cura\u00e7ao te beschermen tegen incidenten. Het Land Cura\u00e7ao omringd door blauw staat voor het feit dat Land Cura\u00e7ao een eiland is omringd door zee. Daarnaast wordt zeewater gebruikt om branden te blussen. De vlammen staan voor m\u00e9\u00e9r waakzaamheid en daarmee komen preventie en preparatie in beeld. Tot slot vertegenwoordigen de materialen (straalpijpen, zuigbuizen, bijlen en touwen) in het logo de daadwerkelijke materialen die de Brandweer gebruikt om zijn taken uit te voeren.<\/span>[\/vc_column_text][\/vc_tta_section][\/vc_tta_accordion][\/vc_column][\/vc_row][vc_row][vc_column][vc_row_inner el_class=&#8221;faq_box&#8221;][vc_column_inner width=&#8221;2\/3&#8243; css=&#8221;.vc_custom_1586493759536{padding-top: 15px !important;}&#8221;][vc_custom_heading text=&#8221;Evenementen&#8221; use_theme_fonts=&#8221;yes&#8221;][vc_column_text]Brandweer Cura\u00e7ao organiseert diverse evenementen met als doel om een positieve impact te hebben op onze gemeenschap. We organiseren onder andere evenementen om de gemeenschap te informeren over het thema \u2018veiligheid\u2019 alsook evenementen om onze brandweerlieden in het zonnetje te zetten. Klik voor meer informatie op \u2018Evenementen\u2019.[\/vc_column_text][\/vc_column_inner][vc_column_inner width=&#8221;1\/3&#8243;][vc_empty_space][vc_btn title=&#8221;Evenementen&#8221; shape=&#8221;square&#8221; color=&#8221;blue&#8221; align=&#8221;center&#8221; link=&#8221;url:%2Fnl%2Fevenementonan%2F|||&#8221;][\/vc_column_inner][\/vc_row_inner][\/vc_column][\/vc_row][\/vc_section][vc_row][vc_column][vc_column_text]<\/p>\n<p>[\/vc_column_text][\/vc_column][\/vc_row]<\/p>\n","protected":false},"excerpt":{"rendered":"<p>[vc_section full_width=&#8221;stretch_row&#8221; content_placement=&#8221;middle&#8221; css=&#8221;.vc_custom_1591295230658{padding-top: 0px !important;background-position: center !important;background-repeat: no-repeat !important;background-size: cover !important;}&#8221; el_id=&#8221;mobile-banner&#8221;][vc_row full_height=&#8221;yes&#8221;][vc_column][\/vc_column][\/vc_row][\/vc_section][vc_row full_width=&#8221;stretch_row&#8221; full_height=&#8221;yes&#8221; css=&#8221;.vc_custom_1591619189059{background-image: url(https:\/\/brandweercuracao.cw\/wp-content\/uploads\/2020\/05\/Hero-2-min.jpg?id=1735) !important;background-position: center !important;background-repeat: no-repeat !important;background-size: cover !important;}&#8221; el_id=&#8221;desktop-banner&#8221;<span class=\"excerpt-hellip\"> [\u2026]<\/span><\/p>\n","protected":false},"author":1,"featured_media":0,"parent":0,"menu_order":0,"comment_status":"closed","ping_status":"closed","template":"","meta":{"footnotes":"","_wp_rev_ctl_limit":""},"class_list":["post-854","page","type-page","status-publish","hentry"],"acf":[],"yoast_head":"<!-- This site is optimized with the Yoast SEO plugin v21.4 - https:\/\/yoast.com\/wordpress\/plugins\/seo\/ -->\n<title>Homepagina - Brandweer<\/title>\n<meta name=\"robots\" content=\"index, follow, max-snippet:-1, max-image-preview:large, max-video-preview:-1\" \/>\n<link rel=\"canonical\" href=\"https:\/\/brandweercuracao.cw\/nl\/\" \/>\n<meta property=\"og:locale\" content=\"nl_NL\" \/>\n<meta property=\"og:type\" content=\"article\" \/>\n<meta property=\"og:title\" content=\"Homepagina - Brandweer\" \/>\n<meta property=\"og:description\" content=\"[vc_section full_width=&#8221;stretch_row&#8221; content_placement=&#8221;middle&#8221; css=&#8221;.vc_custom_1591295230658{padding-top: 0px !important;background-position: center !important;background-repeat: no-repeat !important;background-size: cover !important;}&#8221; el_id=&#8221;mobile-banner&#8221;][vc_row full_height=&#8221;yes&#8221;][vc_column][\/vc_column][\/vc_row][\/vc_section][vc_row full_width=&#8221;stretch_row&#8221; full_height=&#8221;yes&#8221; css=&#8221;.vc_custom_1591619189059{background-image: url(https:\/\/brandweercuracao.cw\/wp-content\/uploads\/2020\/05\/Hero-2-min.jpg?id=1735) !important;background-position: center !important;background-repeat: no-repeat !important;background-size: cover !important;}&#8221; el_id=&#8221;desktop-banner&#8221; [\u2026]\" \/>\n<meta property=\"og:url\" content=\"https:\/\/brandweercuracao.cw\/nl\/\" \/>\n<meta property=\"og:site_name\" content=\"Brandweer\" \/>\n<meta property=\"article:modified_time\" content=\"2020-08-18T13:29:33+00:00\" \/>\n<meta name=\"twitter:card\" content=\"summary_large_image\" \/>\n<meta name=\"twitter:label1\" content=\"Geschatte leestijd\" \/>\n\t<meta name=\"twitter:data1\" content=\"8 minuten\" \/>\n<script type=\"application\/ld+json\" class=\"yoast-schema-graph\">{\"@context\":\"https:\/\/schema.org\",\"@graph\":[{\"@type\":\"WebPage\",\"@id\":\"https:\/\/brandweercuracao.cw\/nl\/\",\"url\":\"https:\/\/brandweercuracao.cw\/nl\/\",\"name\":\"Homepagina - Brandweer\",\"isPartOf\":{\"@id\":\"https:\/\/brandweercuracao.cw\/nl\/#website\"},\"datePublished\":\"2020-01-07T06:24:46+00:00\",\"dateModified\":\"2020-08-18T13:29:33+00:00\",\"breadcrumb\":{\"@id\":\"https:\/\/brandweercuracao.cw\/nl\/#breadcrumb\"},\"inLanguage\":\"nl-NL\",\"potentialAction\":[{\"@type\":\"ReadAction\",\"target\":[\"https:\/\/brandweercuracao.cw\/nl\/\"]}]},{\"@type\":\"BreadcrumbList\",\"@id\":\"https:\/\/brandweercuracao.cw\/nl\/#breadcrumb\",\"itemListElement\":[{\"@type\":\"ListItem\",\"position\":1,\"name\":\"Home\",\"item\":\"https:\/\/brandweercuracao.cw\/nl\/\"},{\"@type\":\"ListItem\",\"position\":2,\"name\":\"Homepagina\"}]},{\"@type\":\"WebSite\",\"@id\":\"https:\/\/brandweercuracao.cw\/nl\/#website\",\"url\":\"https:\/\/brandweercuracao.cw\/nl\/\",\"name\":\"Brandweer\",\"description\":\"\",\"potentialAction\":[{\"@type\":\"SearchAction\",\"target\":{\"@type\":\"EntryPoint\",\"urlTemplate\":\"https:\/\/brandweercuracao.cw\/nl\/?s={search_term_string}\"},\"query-input\":\"required name=search_term_string\"}],\"inLanguage\":\"nl-NL\"}]}<\/script>\n<!-- \/ Yoast SEO plugin. -->","yoast_head_json":{"title":"Homepagina - Brandweer","robots":{"index":"index","follow":"follow","max-snippet":"max-snippet:-1","max-image-preview":"max-image-preview:large","max-video-preview":"max-video-preview:-1"},"canonical":"https:\/\/brandweercuracao.cw\/nl\/","og_locale":"nl_NL","og_type":"article","og_title":"Homepagina - Brandweer","og_description":"[vc_section full_width=&#8221;stretch_row&#8221; content_placement=&#8221;middle&#8221; css=&#8221;.vc_custom_1591295230658{padding-top: 0px !important;background-position: center !important;background-repeat: no-repeat !important;background-size: cover !important;}&#8221; el_id=&#8221;mobile-banner&#8221;][vc_row full_height=&#8221;yes&#8221;][vc_column][\/vc_column][\/vc_row][\/vc_section][vc_row full_width=&#8221;stretch_row&#8221; full_height=&#8221;yes&#8221; css=&#8221;.vc_custom_1591619189059{background-image: url(https:\/\/brandweercuracao.cw\/wp-content\/uploads\/2020\/05\/Hero-2-min.jpg?id=1735) !important;background-position: center !important;background-repeat: no-repeat !important;background-size: cover !important;}&#8221; el_id=&#8221;desktop-banner&#8221; [\u2026]","og_url":"https:\/\/brandweercuracao.cw\/nl\/","og_site_name":"Brandweer","article_modified_time":"2020-08-18T13:29:33+00:00","twitter_card":"summary_large_image","twitter_misc":{"Geschatte leestijd":"8 minuten"},"schema":{"@context":"https:\/\/schema.org","@graph":[{"@type":"WebPage","@id":"https:\/\/brandweercuracao.cw\/nl\/","url":"https:\/\/brandweercuracao.cw\/nl\/","name":"Homepagina - Brandweer","isPartOf":{"@id":"https:\/\/brandweercuracao.cw\/nl\/#website"},"datePublished":"2020-01-07T06:24:46+00:00","dateModified":"2020-08-18T13:29:33+00:00","breadcrumb":{"@id":"https:\/\/brandweercuracao.cw\/nl\/#breadcrumb"},"inLanguage":"nl-NL","potentialAction":[{"@type":"ReadAction","target":["https:\/\/brandweercuracao.cw\/nl\/"]}]},{"@type":"BreadcrumbList","@id":"https:\/\/brandweercuracao.cw\/nl\/#breadcrumb","itemListElement":[{"@type":"ListItem","position":1,"name":"Home","item":"https:\/\/brandweercuracao.cw\/nl\/"},{"@type":"ListItem","position":2,"name":"Homepagina"}]},{"@type":"WebSite","@id":"https:\/\/brandweercuracao.cw\/nl\/#website","url":"https:\/\/brandweercuracao.cw\/nl\/","name":"Brandweer","description":"","potentialAction":[{"@type":"SearchAction","target":{"@type":"EntryPoint","urlTemplate":"https:\/\/brandweercuracao.cw\/nl\/?s={search_term_string}"},"query-input":"required name=search_term_string"}],"inLanguage":"nl-NL"}]}},"jetpack_sharing_enabled":true,"_links":{"self":[{"href":"https:\/\/brandweercuracao.cw\/nl\/wp-json\/wp\/v2\/pages\/854","targetHints":{"allow":["GET"]}}],"collection":[{"href":"https:\/\/brandweercuracao.cw\/nl\/wp-json\/wp\/v2\/pages"}],"about":[{"href":"https:\/\/brandweercuracao.cw\/nl\/wp-json\/wp\/v2\/types\/page"}],"author":[{"embeddable":true,"href":"https:\/\/brandweercuracao.cw\/nl\/wp-json\/wp\/v2\/users\/1"}],"replies":[{"embeddable":true,"href":"https:\/\/brandweercuracao.cw\/nl\/wp-json\/wp\/v2\/comments?post=854"}],"version-history":[{"count":40,"href":"https:\/\/brandweercuracao.cw\/nl\/wp-json\/wp\/v2\/pages\/854\/revisions"}],"predecessor-version":[{"id":1923,"href":"https:\/\/brandweercuracao.cw\/nl\/wp-json\/wp\/v2\/pages\/854\/revisions\/1923"}],"wp:attachment":[{"href":"https:\/\/brandweercuracao.cw\/nl\/wp-json\/wp\/v2\/media?parent=854"}],"curies":[{"name":"wp","href":"https:\/\/api.w.org\/{rel}","templated":true}]}}